{"id":24123,"date":"2024-09-09T12:36:33","date_gmt":"2024-09-09T10:36:33","guid":{"rendered":"https:\/\/lapapote.com\/?page_id=24123"},"modified":"2026-03-17T15:28:05","modified_gmt":"2026-03-17T14:28:05","slug":"asso","status":"publish","type":"page","link":"https:\/\/lapapote.com\/?page_id=24123","title":{"rendered":"ASSO"},"content":{"rendered":"\t\t<div data-elementor-type=\"wp-page\" data-elementor-id=\"24123\" class=\"elementor elementor-24123\" data-elementor-post-type=\"page\">\n\t\t\t\t\t\t<section class=\"elementor-section elementor-top-section elementor-element elementor-element-eb05081 elementor-section-full_width elementor-section-items-bottom elementor-section-height-min-height elementor-section-content-middle elementor-section-height-default\" data-id=\"eb05081\" data-element_type=\"section\" data-e-type=\"section\" data-settings=\"{&quot;background_background&quot;:&quot;classic&quot;}\">\n\t\t\t\t\t\t<div class=\"elementor-container elementor-column-gap-no\">\n\t\t\t\t\t<section class=\"elementor-column elementor-col-100 elementor-top-column elementor-element elementor-element-7e608b3\" data-id=\"7e608b3\" data-element_type=\"column\" data-e-type=\"column\">\n\t\t\t<div class=\"elementor-widget-wrap elementor-element-populated\">\n\t\t\t\t\t\t<div class=\"elementor-element elementor-element-80fee02 elementor-widget__width-initial elementor-widget elementor-widget-heading\" data-id=\"80fee02\" data-element_type=\"widget\" data-e-type=\"widget\" data-widget_type=\"heading.default\">\n\t\t\t\t<div class=\"elementor-widget-container\">\n\t\t\t\t\t<h3 class=\"elementor-heading-title elementor-size-default\">C'est quoi ?<\/h3>\t\t\t\t<\/div>\n\t\t\t\t<\/div>\n\t\t\t\t\t<\/div>\n\t\t<\/section>\n\t\t\t\t\t<\/div>\n\t\t<\/section>\n\t\t<div class=\"elementor-element elementor-element-935ca3d e-con-full e-flex e-con e-parent\" data-id=\"935ca3d\" data-element_type=\"container\" data-e-type=\"container\">\n\t\t\t\t<div class=\"elementor-element elementor-element-11743a7 elementor-widget__width-auto elementor-widget elementor-widget-heading\" data-id=\"11743a7\" data-element_type=\"widget\" data-e-type=\"widget\" data-widget_type=\"heading.default\">\n\t\t\t\t<div class=\"elementor-widget-container\">\n\t\t\t\t\t<h2 class=\"elementor-heading-title elementor-size-default\">L'ASSOCIATION <b>LES AMI\u00b7E\u00b7S DE LA PAPOTE<\/b><\/h2>\t\t\t\t<\/div>\n\t\t\t\t<\/div>\n\t\t\t\t<\/div>\n\t\t<div class=\"elementor-element elementor-element-98fb44e e-flex e-con-boxed e-con e-parent\" data-id=\"98fb44e\" data-element_type=\"container\" data-e-type=\"container\">\n\t\t\t\t\t<div class=\"e-con-inner\">\n\t\t\t\t<div class=\"elementor-element elementor-element-6bb9e89 elementor-widget__width-initial elementor-widget elementor-widget-text-editor\" data-id=\"6bb9e89\" data-element_type=\"widget\" data-e-type=\"widget\" data-widget_type=\"text-editor.default\">\n\t\t\t\t<div class=\"elementor-widget-container\">\n\t\t\t\t\t\t\t\t\t<p><strong>Un collectif de citoyen.nes :<\/strong><br \/>qui a cr\u00e9\u00e9 une association pour animer le Tiers-lieu La Papote.<br \/><strong>Un r\u00eave commun :<\/strong><br \/>Faire se rencontrer les gens qui ne se croisent pas d\u2019habitude.<br \/><strong>Un Espace de Vie Sociale :<\/strong><br \/>L\u2019association est agr\u00e9\u00e9e par la CAF87.<\/p>\t\t\t\t\t\t\t\t<\/div>\n\t\t\t\t<\/div>\n\t\t\t\t\t<\/div>\n\t\t\t\t<\/div>\n\t\t<div class=\"elementor-element elementor-element-90d64c8 e-grid e-con-full e-con e-parent\" data-id=\"90d64c8\" data-element_type=\"container\" data-e-type=\"container\" data-settings=\"{&quot;background_background&quot;:&quot;classic&quot;}\">\n\t\t<div class=\"elementor-element elementor-element-bf242e4 e-con-full e-flex e-con e-child\" data-id=\"bf242e4\" data-element_type=\"container\" data-e-type=\"container\">\n\t\t\t\t<div class=\"elementor-element elementor-element-a8cf070 elementor-widget elementor-widget-heading\" data-id=\"a8cf070\" data-element_type=\"widget\" data-e-type=\"widget\" data-widget_type=\"heading.default\">\n\t\t\t\t<div class=\"elementor-widget-container\">\n\t\t\t\t\t<h2 class=\"elementor-heading-title elementor-size-default\"><b>C'est qui ?<\/b><\/h2>\t\t\t\t<\/div>\n\t\t\t\t<\/div>\n\t\t\t\t<div class=\"elementor-element elementor-element-77b3a6c elementor-widget__width-initial elementor-widget elementor-widget-text-editor\" data-id=\"77b3a6c\" data-element_type=\"widget\" data-e-type=\"widget\" data-widget_type=\"text-editor.default\">\n\t\t\t\t<div class=\"elementor-widget-container\">\n\t\t\t\t\t\t\t\t\t<p>Des<b> b\u00e9n\u00e9voles :<br \/><\/b><span style=\"text-align: justify; letter-spacing: 0px;\"><br \/>&#8211; des <strong>Co-pr\u00e9sident\u00b7es<\/strong>, qui r\u00e9fl\u00e9chissent aux questions \u00e9conomiques,<br \/>strat\u00e9giques et portent la responsabilit\u00e9 des d\u00e9cisions pour l\u2019association.<\/span><\/p><p>&#8211; des <strong>Membres actifs<\/strong>, qui participent aux r\u00e9unions mensuelles pour<br \/>discuter des orientations g\u00e9n\u00e9rales de l\u2019asso et sont force de proposition.<\/p><p>&#8211; des <strong>Adh\u00e9rent.e.s<\/strong> qui donnent de leur temps ponctuellement sur un<br \/>\u00e9v\u00e9nement, animent des ateliers ou en b\u00e9n\u00e9ficient.<\/p>\t\t\t\t\t\t\t\t<\/div>\n\t\t\t\t<\/div>\n\t\t\t\t<div class=\"elementor-element elementor-element-dcb2e31 elementor-widget__width-auto elementor-widget elementor-widget-button\" data-id=\"dcb2e31\" data-element_type=\"widget\" data-e-type=\"widget\" data-widget_type=\"button.default\">\n\t\t\t\t<div class=\"elementor-widget-container\">\n\t\t\t\t\t\t\t\t\t<div class=\"elementor-button-wrapper\">\n\t\t\t\t\t<a class=\"elementor-button elementor-button-link elementor-size-sm elementor-animation-pulse\" href=\"https:\/\/www.helloasso.com\/associations\/les-ami-e-s-de-la-papote\/adhesions\/adhesion-2026\" target=\"_blank\">\n\t\t\t\t\t\t<span class=\"elementor-button-content-wrapper\">\n\t\t\t\t\t\t\t\t\t<span class=\"elementor-button-text\">ADH\u00c9RER<\/span>\n\t\t\t\t\t<\/span>\n\t\t\t\t\t<\/a>\n\t\t\t\t<\/div>\n\t\t\t\t\t\t\t\t<\/div>\n\t\t\t\t<\/div>\n\t\t\t\t<div class=\"elementor-element elementor-element-abdc1e2 elementor-widget__width-inherit elementor-widget elementor-widget-text-editor\" data-id=\"abdc1e2\" data-element_type=\"widget\" data-e-type=\"widget\" data-widget_type=\"text-editor.default\">\n\t\t\t\t<div class=\"elementor-widget-container\">\n\t\t\t\t\t\t\t\t\t<p><b>Une salari\u00e9e :<\/b><\/p><p>Gr\u00e2ce au soutien financier de l\u2019Etat, la CAF et la MSA, l\u2019association emploie une \u201cCharg\u00e9e de la vie associative\u201d \u00e0 temps partiel, qui facilite le travail administratif n\u00e9cessaire \u00e0 son bon fonctionnement.<\/p>\t\t\t\t\t\t\t\t<\/div>\n\t\t\t\t<\/div>\n\t\t\t\t<div class=\"elementor-element elementor-element-2c73a0f elementor-widget elementor-widget-heading\" data-id=\"2c73a0f\" data-element_type=\"widget\" data-e-type=\"widget\" data-widget_type=\"heading.default\">\n\t\t\t\t<div class=\"elementor-widget-container\">\n\t\t\t\t\t<h2 class=\"elementor-heading-title elementor-size-default\"><b>Comment ?<\/b><\/h2>\t\t\t\t<\/div>\n\t\t\t\t<\/div>\n\t\t\t\t<div class=\"elementor-element elementor-element-45ed304 elementor-widget__width-inherit elementor-widget elementor-widget-text-editor\" data-id=\"45ed304\" data-element_type=\"widget\" data-e-type=\"widget\" data-widget_type=\"text-editor.default\">\n\t\t\t\t<div class=\"elementor-widget-container\">\n\t\t\t\t\t\t\t\t\t<p>avec des<strong> ateliers r\u00e9guliers<\/strong> et des \u00e9<strong>v\u00e9nements<\/strong> ou <strong>formations<\/strong>.<br \/><br \/>Th\u00e9matiques : parentalit\u00e9, partage, culture, divertissement&#8230;<br \/><br \/>Gratuits ou \u00e0 tout petit prix et <strong>toujours \u00e0 la demande des habitant\u00b7es<\/strong>.<\/p>\t\t\t\t\t\t\t\t<\/div>\n\t\t\t\t<\/div>\n\t\t\t\t<div class=\"elementor-element elementor-element-7a30813 elementor-widget elementor-widget-heading\" data-id=\"7a30813\" data-element_type=\"widget\" data-e-type=\"widget\" data-widget_type=\"heading.default\">\n\t\t\t\t<div class=\"elementor-widget-container\">\n\t\t\t\t\t<h2 class=\"elementor-heading-title elementor-size-default\"><b>O\u00f9 ?<\/b><\/h2>\t\t\t\t<\/div>\n\t\t\t\t<\/div>\n\t\t\t\t<div class=\"elementor-element elementor-element-a9d008a elementor-widget__width-inherit elementor-widget elementor-widget-text-editor\" data-id=\"a9d008a\" data-element_type=\"widget\" data-e-type=\"widget\" data-widget_type=\"text-editor.default\">\n\t\t\t\t<div class=\"elementor-widget-container\">\n\t\t\t\t\t\t\t\t\t<p>Au <strong>tiers-lieu La Papote<\/strong> de St Sulpice les Feuilles, con\u00e7u pour rassembler et cr\u00e9er du lien, o\u00f9 l\u2019asso cohabite avec la mairie.<\/p>\t\t\t\t\t\t\t\t<\/div>\n\t\t\t\t<\/div>\n\t\t\t\t<\/div>\n\t\t<div class=\"elementor-element elementor-element-0d8c97a e-con-full e-flex e-con e-child\" data-id=\"0d8c97a\" data-element_type=\"container\" data-e-type=\"container\">\n\t\t\t\t<div class=\"elementor-element elementor-element-c5c8dd7 elementor-widget__width-initial elementor-widget elementor-widget-image\" data-id=\"c5c8dd7\" data-element_type=\"widget\" data-e-type=\"widget\" data-settings=\"{&quot;motion_fx_motion_fx_scrolling&quot;:&quot;yes&quot;,&quot;motion_fx_devices&quot;:[&quot;desktop&quot;,&quot;tablet&quot;,&quot;mobile&quot;]}\" data-widget_type=\"image.default\">\n\t\t\t\t<div class=\"elementor-widget-container\">\n\t\t\t\t\t\t\t\t\t\t\t\t\t\t\t<img fetchpriority=\"high\" decoding=\"async\" width=\"1920\" height=\"1763\" src=\"https:\/\/lapapote.com\/wp-content\/uploads\/2024\/09\/2-triple-2048x1900-1.webp\" class=\"attachment-full size-full wp-image-24551\" alt=\"\" srcset=\"https:\/\/lapapote.com\/wp-content\/uploads\/2024\/09\/2-triple-2048x1900-1.webp 1920w, https:\/\/lapapote.com\/wp-content\/uploads\/2024\/09\/2-triple-2048x1900-1-600x551.webp 600w, https:\/\/lapapote.com\/wp-content\/uploads\/2024\/09\/2-triple-2048x1900-1-300x275.webp 300w, https:\/\/lapapote.com\/wp-content\/uploads\/2024\/09\/2-triple-2048x1900-1-1024x940.webp 1024w, https:\/\/lapapote.com\/wp-content\/uploads\/2024\/09\/2-triple-2048x1900-1-768x705.webp 768w, https:\/\/lapapote.com\/wp-content\/uploads\/2024\/09\/2-triple-2048x1900-1-1536x1410.webp 1536w, https:\/\/lapapote.com\/wp-content\/uploads\/2024\/09\/2-triple-2048x1900-1-1568x1439.webp 1568w\" sizes=\"(max-width: 34.9rem) calc(100vw - 2rem), (max-width: 53rem) calc(8 * (100vw \/ 12)), (min-width: 53rem) calc(6 * (100vw \/ 12)), 100vw\" \/>\t\t\t\t\t\t\t\t\t\t\t\t\t\t\t<\/div>\n\t\t\t\t<\/div>\n\t\t\t\t<\/div>\n\t\t\t\t<\/div>\n\t\t<div class=\"elementor-element elementor-element-1e8912cd e-flex e-con-boxed e-con e-parent\" data-id=\"1e8912cd\" data-element_type=\"container\" data-e-type=\"container\">\n\t\t\t\t\t<div class=\"e-con-inner\">\n\t\t\t\t<div class=\"elementor-element elementor-element-70e3988d elementor-view-default elementor-widget elementor-widget-icon\" data-id=\"70e3988d\" data-element_type=\"widget\" data-e-type=\"widget\" data-widget_type=\"icon.default\">\n\t\t\t\t<div class=\"elementor-widget-container\">\n\t\t\t\t\t\t\t<div class=\"elementor-icon-wrapper\">\n\t\t\t<a class=\"elementor-icon\" href=\"#top\">\n\t\t\t<svg aria-hidden=\"true\" class=\"e-font-icon-svg e-far-hand-point-up\" viewBox=\"0 0 448 512\" xmlns=\"http:\/\/www.w3.org\/2000\/svg\"><path d=\"M105.6 83.2v86.177a115.52 115.52 0 0 0-22.4-2.176c-47.914 0-83.2 35.072-83.2 92 0 45.314 48.537 57.002 78.784 75.707 12.413 7.735 23.317 16.994 33.253 25.851l.146.131.148.129C129.807 376.338 136 384.236 136 391.2v2.679c-4.952 5.747-8 13.536-8 22.12v64c0 17.673 12.894 32 28.8 32h230.4c15.906 0 28.8-14.327 28.8-32v-64c0-8.584-3.048-16.373-8-22.12V391.2c0-28.688 40-67.137 40-127.2v-21.299c0-62.542-38.658-98.8-91.145-99.94-17.813-12.482-40.785-18.491-62.791-15.985A93.148 93.148 0 0 0 272 118.847V83.2C272 37.765 234.416 0 188.8 0c-45.099 0-83.2 38.101-83.2 83.2zm118.4 0v91.026c14.669-12.837 42.825-14.415 61.05 4.95 19.646-11.227 45.624-1.687 53.625 12.925 39.128-6.524 61.325 10.076 61.325 50.6V264c0 45.491-35.913 77.21-39.676 120H183.571c-2.964-25.239-21.222-42.966-39.596-59.075-12.65-11.275-25.3-21.725-39.875-30.799C80.712 279.645 48 267.994 48 259.2c0-23.375 8.8-44 35.2-44 35.2 0 53.075 26.4 70.4 26.4V83.2c0-18.425 16.5-35.2 35.2-35.2 18.975 0 35.2 16.225 35.2 35.2zM352 424c13.255 0 24 10.745 24 24s-10.745 24-24 24-24-10.745-24-24 10.745-24 24-24z\"><\/path><\/svg>\t\t\t<\/a>\n\t\t<\/div>\n\t\t\t\t\t\t<\/div>\n\t\t\t\t<\/div>\n\t\t\t\t\t<\/div>\n\t\t\t\t<\/div>\n\t\t\t\t<section class=\"elementor-section elementor-top-section elementor-element elementor-element-25acf8af elementor-section-full_width elementor-section-height-default elementor-section-height-default\" data-id=\"25acf8af\" data-element_type=\"section\" data-e-type=\"section\" data-settings=\"{&quot;background_background&quot;:&quot;classic&quot;}\">\n\t\t\t\t\t\t<div class=\"elementor-container elementor-column-gap-extended\">\n\t\t\t\t\t<div class=\"elementor-column elementor-col-33 elementor-top-column elementor-element elementor-element-600e0f84\" data-id=\"600e0f84\" data-element_type=\"column\" data-e-type=\"column\">\n\t\t\t<div class=\"elementor-widget-wrap elementor-element-populated\">\n\t\t\t\t\t\t<div class=\"elementor-element elementor-element-b1e94c1 elementor-widget elementor-widget-heading\" data-id=\"b1e94c1\" data-element_type=\"widget\" data-e-type=\"widget\" data-widget_type=\"heading.default\">\n\t\t\t\t<div class=\"elementor-widget-container\">\n\t\t\t\t\t<h2 class=\"elementor-heading-title elementor-size-default\">\u00c0 propos de <b>La Papote<\/b><\/h2>\t\t\t\t<\/div>\n\t\t\t\t<\/div>\n\t\t\t\t<section class=\"elementor-section elementor-inner-section elementor-element elementor-element-37f8eadb elementor-section-full_width elementor-section-height-default elementor-section-height-default\" data-id=\"37f8eadb\" data-element_type=\"section\" data-e-type=\"section\">\n\t\t\t\t\t\t<div class=\"elementor-container elementor-column-gap-no\">\n\t\t\t\t\t<div class=\"elementor-column elementor-col-100 elementor-inner-column elementor-element elementor-element-3819f64f\" data-id=\"3819f64f\" data-element_type=\"column\" data-e-type=\"column\">\n\t\t\t<div class=\"elementor-widget-wrap elementor-element-populated\">\n\t\t\t\t\t\t<div class=\"elementor-element elementor-element-3cb23f91 elementor-widget elementor-widget-heading\" data-id=\"3cb23f91\" data-element_type=\"widget\" data-e-type=\"widget\" data-widget_type=\"heading.default\">\n\t\t\t\t<div class=\"elementor-widget-container\">\n\t\t\t\t\t<div class=\"elementor-heading-title elementor-size-default\">HORAIRES D'OUVERTURE<\/div>\t\t\t\t<\/div>\n\t\t\t\t<\/div>\n\t\t\t\t<div class=\"elementor-element elementor-element-6e621069 elementor-widget elementor-widget-heading\" data-id=\"6e621069\" data-element_type=\"widget\" data-e-type=\"widget\" data-widget_type=\"heading.default\">\n\t\t\t\t<div class=\"elementor-widget-container\">\n\t\t\t\t\t<div class=\"elementor-heading-title elementor-size-default\">Du lundi au vendredi de 9h00 \u00e0 12h00 et 14h00 \u00e0 17h30<br>et plus selon les animations.<\/div>\t\t\t\t<\/div>\n\t\t\t\t<\/div>\n\t\t\t\t<div class=\"elementor-element elementor-element-3cfe9fbc elementor-widget elementor-widget-heading\" data-id=\"3cfe9fbc\" data-element_type=\"widget\" data-e-type=\"widget\" data-widget_type=\"heading.default\">\n\t\t\t\t<div class=\"elementor-widget-container\">\n\t\t\t\t\t<div class=\"elementor-heading-title elementor-size-default\">NOUS TROUVER<\/div>\t\t\t\t<\/div>\n\t\t\t\t<\/div>\n\t\t\t\t<div class=\"elementor-element elementor-element-a0cda30 elementor-widget elementor-widget-heading\" data-id=\"a0cda30\" data-element_type=\"widget\" data-e-type=\"widget\" data-widget_type=\"heading.default\">\n\t\t\t\t<div class=\"elementor-widget-container\">\n\t\t\t\t\t<div class=\"elementor-heading-title elementor-size-default\">Tiers-lieu La Papote<br>9 rue du Commerce, 87160 Saint-Sulpice-Les-Feuilles<br><\/div>\t\t\t\t<\/div>\n\t\t\t\t<\/div>\n\t\t\t\t<div class=\"elementor-element elementor-element-32a73a6a elementor-widget elementor-widget-heading\" data-id=\"32a73a6a\" data-element_type=\"widget\" data-e-type=\"widget\" data-widget_type=\"heading.default\">\n\t\t\t\t<div class=\"elementor-widget-container\">\n\t\t\t\t\t<div class=\"elementor-heading-title elementor-size-default\">Possibilit\u00e9 de se garer sur des parkings \u00e0 proximit\u00e9.<br>Places PMR et borne de recharge de v\u00e9hicules \u00e9l\u00e9ctriques devant la Papote.<br><\/div>\t\t\t\t<\/div>\n\t\t\t\t<\/div>\n\t\t\t\t<div class=\"elementor-element elementor-element-49f168aa elementor-widget elementor-widget-heading\" data-id=\"49f168aa\" data-element_type=\"widget\" data-e-type=\"widget\" data-widget_type=\"heading.default\">\n\t\t\t\t<div class=\"elementor-widget-container\">\n\t\t\t\t\t<div class=\"elementor-heading-title elementor-size-default\">NOUS CONTACTER<\/div>\t\t\t\t<\/div>\n\t\t\t\t<\/div>\n\t\t\t\t<div class=\"elementor-element elementor-element-1eb887c9 elementor-list-item-link-inline elementor-icon-list--layout-traditional elementor-widget elementor-widget-icon-list\" data-id=\"1eb887c9\" data-element_type=\"widget\" data-e-type=\"widget\" data-widget_type=\"icon-list.default\">\n\t\t\t\t<div class=\"elementor-widget-container\">\n\t\t\t\t\t\t\t<ul class=\"elementor-icon-list-items\">\n\t\t\t\t\t\t\t<li class=\"elementor-icon-list-item\">\n\t\t\t\t\t\t\t\t\t\t\t<a href=\"https:\/\/lapapote.com\/?page_id=23879\">\n\n\t\t\t\t\t\t\t\t\t\t\t\t<span class=\"elementor-icon-list-icon\">\n\t\t\t\t\t\t\t<svg aria-hidden=\"true\" class=\"e-font-icon-svg e-fas-envelope\" viewBox=\"0 0 512 512\" xmlns=\"http:\/\/www.w3.org\/2000\/svg\"><path d=\"M502.3 190.8c3.9-3.1 9.7-.2 9.7 4.7V400c0 26.5-21.5 48-48 48H48c-26.5 0-48-21.5-48-48V195.6c0-5 5.7-7.8 9.7-4.7 22.4 17.4 52.1 39.5 154.1 113.6 21.1 15.4 56.7 47.8 92.2 47.6 35.7.3 72-32.8 92.3-47.6 102-74.1 131.6-96.3 154-113.7zM256 320c23.2.4 56.6-29.2 73.4-41.4 132.7-96.3 142.8-104.7 173.4-128.7 5.8-4.5 9.2-11.5 9.2-18.9v-19c0-26.5-21.5-48-48-48H48C21.5 64 0 85.5 0 112v19c0 7.4 3.4 14.3 9.2 18.9 30.6 23.9 40.7 32.4 173.4 128.7 16.8 12.2 50.2 41.8 73.4 41.4z\"><\/path><\/svg>\t\t\t\t\t\t<\/span>\n\t\t\t\t\t\t\t\t\t\t<span class=\"elementor-icon-list-text\">bonjour@lapapote.com<\/span>\n\t\t\t\t\t\t\t\t\t\t\t<\/a>\n\t\t\t\t\t\t\t\t\t<\/li>\n\t\t\t\t\t\t<\/ul>\n\t\t\t\t\t\t<\/div>\n\t\t\t\t<\/div>\n\t\t\t\t<div class=\"elementor-element elementor-element-a4184ae elementor-widget elementor-widget-heading\" data-id=\"a4184ae\" data-element_type=\"widget\" data-e-type=\"widget\" data-widget_type=\"heading.default\">\n\t\t\t\t<div class=\"elementor-widget-container\">\n\t\t\t\t\t<div class=\"elementor-heading-title elementor-size-default\">Accueil au 07.48.10.75.27 ou Mairie au 05.55.60.06.69<\/div>\t\t\t\t<\/div>\n\t\t\t\t<\/div>\n\t\t\t\t\t<\/div>\n\t\t<\/div>\n\t\t\t\t\t<\/div>\n\t\t<\/section>\n\t\t\t\t\t<\/div>\n\t\t<\/div>\n\t\t\t\t<div class=\"elementor-column elementor-col-33 elementor-top-column elementor-element elementor-element-650797a5\" data-id=\"650797a5\" data-element_type=\"column\" data-e-type=\"column\">\n\t\t\t<div class=\"elementor-widget-wrap elementor-element-populated\">\n\t\t\t\t\t\t<div class=\"elementor-element elementor-element-1da8b979 elementor-widget elementor-widget-heading\" data-id=\"1da8b979\" data-element_type=\"widget\" data-e-type=\"widget\" data-widget_type=\"heading.default\">\n\t\t\t\t<div class=\"elementor-widget-container\">\n\t\t\t\t\t<h3 class=\"elementor-heading-title elementor-size-default\">N<i>EWSLETTER<\/i><\/h3>\t\t\t\t<\/div>\n\t\t\t\t<\/div>\n\t\t\t\t<div class=\"elementor-element elementor-element-16491c62 elementor-widget__width-initial elementor-widget elementor-widget-html\" data-id=\"16491c62\" data-element_type=\"widget\" data-e-type=\"widget\" data-widget_type=\"html.default\">\n\t\t\t\t<div class=\"elementor-widget-container\">\n\t\t\t\t\t<iframe width=\"540\" height=\"500\" src=\"https:\/\/64590afd.sibforms.com\/serve\/MUIFAF4F3HPwhWiyQHC0vPeDGwo1bVQpWCrCVqOKq-7xtdk6fMjRit_pG-S0VyoCvtWLsI79fIH3vC4uHnBQkICE4EvyzjzJRl6DMjsJilDI2dpuvZlNduVDF6gCQLALMCEd0xqKfrKxxMhvLd1xKDiz0zUH17TnGeDZoREHqI2N0X9dhjEycAh3SLZk5VUhXWdCZ3afXB1ESYo2\" frameborder=\"0\" scrolling=\"no\" allowfullscreen style=\"display: block;margin-left: auto;margin-right: auto;max-width: 100%;\"><\/iframe>\r\n\t\t\t\t<\/div>\n\t\t\t\t<\/div>\n\t\t\t\t\t<\/div>\n\t\t<\/div>\n\t\t\t\t<div class=\"elementor-column elementor-col-33 elementor-top-column elementor-element elementor-element-7fd091ba\" data-id=\"7fd091ba\" data-element_type=\"column\" data-e-type=\"column\">\n\t\t\t<div class=\"elementor-widget-wrap elementor-element-populated\">\n\t\t\t\t\t\t<div class=\"elementor-element elementor-element-1e8e63fd elementor-widget elementor-widget-heading\" data-id=\"1e8e63fd\" data-element_type=\"widget\" data-e-type=\"widget\" data-widget_type=\"heading.default\">\n\t\t\t\t<div class=\"elementor-widget-container\">\n\t\t\t\t\t<h3 class=\"elementor-heading-title elementor-size-default\"><i>PROCHAINEMENT \u00c0 LA PAPOTE<\/i><\/h3>\t\t\t\t<\/div>\n\t\t\t\t<\/div>\n\t\t\t\t<div class=\"elementor-element elementor-element-7f41155b elementor-widget elementor-widget-html\" data-id=\"7f41155b\" data-element_type=\"widget\" data-e-type=\"widget\" data-widget_type=\"html.default\">\n\t\t\t\t<div class=\"elementor-widget-container\">\n\t\t\t\t\t<iframe src=\"https:\/\/calendar.google.com\/calendar\/embed?height=200&wkst=2&ctz=Europe%2FParis&bgcolor=%23f4b03e&title=Agenda%20de%20La%20Papote&showPrint=0&showTabs=0&mode=AGENDA&showTz=0&showTitle=0&showCalendars=0&src=NjQ3NjYxOTFjYTg0YzJkMTM2Yjc4MGIzYmQwNDNhOWZhNDlmNjM2YTJiYmU1YTM5MjBhYjE5YmQ1NGI2ZWM2ZkBncm91cC5jYWxlbmRhci5nb29nbGUuY29t&color=%234285F4\" style=\"border:solid 20px #F4B03E\" width=\"400\" height=\"250\" frameborder=\"0\" scrolling=\"no\"><\/iframe>\n\t\t\t\t<\/div>\n\t\t\t\t<\/div>\n\t\t\t\t\t<\/div>\n\t\t<\/div>\n\t\t\t\t\t<\/div>\n\t\t<\/section>\n\t\t\t\t<section class=\"elementor-section elementor-top-section elementor-element elementor-element-54a4d908 elementor-section-boxed elementor-section-height-default elementor-section-height-default\" data-id=\"54a4d908\" data-element_type=\"section\" data-e-type=\"section\" data-settings=\"{&quot;background_background&quot;:&quot;classic&quot;}\">\n\t\t\t\t\t\t<div class=\"elementor-container elementor-column-gap-extended\">\n\t\t\t\t\t<div class=\"elementor-column elementor-col-100 elementor-top-column elementor-element elementor-element-768f31b4\" data-id=\"768f31b4\" data-element_type=\"column\" data-e-type=\"column\">\n\t\t\t<div class=\"elementor-widget-wrap elementor-element-populated\">\n\t\t\t\t\t\t<section class=\"elementor-section elementor-inner-section elementor-element elementor-element-7875da3d elementor-section-full_width elementor-section-content-middle elementor-section-height-default elementor-section-height-default\" data-id=\"7875da3d\" data-element_type=\"section\" data-e-type=\"section\" data-settings=\"{&quot;background_background&quot;:&quot;classic&quot;}\">\n\t\t\t\t\t\t<div class=\"elementor-container elementor-column-gap-default\">\n\t\t\t\t\t<div class=\"elementor-column elementor-col-33 elementor-inner-column elementor-element elementor-element-47bcfab2\" data-id=\"47bcfab2\" data-element_type=\"column\" data-e-type=\"column\">\n\t\t\t<div class=\"elementor-widget-wrap elementor-element-populated\">\n\t\t\t\t\t\t\t<\/div>\n\t\t<\/div>\n\t\t\t\t<div class=\"elementor-column elementor-col-33 elementor-inner-column elementor-element elementor-element-2b0ea996\" data-id=\"2b0ea996\" data-element_type=\"column\" data-e-type=\"column\">\n\t\t\t<div class=\"elementor-widget-wrap elementor-element-populated\">\n\t\t\t\t\t\t<div class=\"elementor-element elementor-element-13483bff elementor-widget elementor-widget-heading\" data-id=\"13483bff\" data-element_type=\"widget\" data-e-type=\"widget\" data-widget_type=\"heading.default\">\n\t\t\t\t<div class=\"elementor-widget-container\">\n\t\t\t\t\t<div class=\"elementor-heading-title elementor-size-default\">\u00a9 Tous droits r\u00e9serv\u00e9s <span class=\"copyright-year\">{Year}<\/span> <a href=\"#\">lapapote.com<\/a><\/div>\t\t\t\t<\/div>\n\t\t\t\t<\/div>\n\t\t\t\t\t<\/div>\n\t\t<\/div>\n\t\t\t\t<div class=\"elementor-column elementor-col-33 elementor-inner-column elementor-element elementor-element-4cd92f1e\" data-id=\"4cd92f1e\" data-element_type=\"column\" data-e-type=\"column\">\n\t\t\t<div class=\"elementor-widget-wrap\">\n\t\t\t\t\t\t\t<\/div>\n\t\t<\/div>\n\t\t\t\t\t<\/div>\n\t\t<\/section>\n\t\t\t\t\t<\/div>\n\t\t<\/div>\n\t\t\t\t\t<\/div>\n\t\t<\/section>\n\t\t\t\t<\/div>\n\t\t","protected":false},"excerpt":{"rendered":"<p>C&rsquo;est quoi ? L&rsquo;ASSOCIATION LES AMI\u00b7E\u00b7S DE LA PAPOTE Un collectif de citoyen.nes :qui a cr\u00e9\u00e9 une association pour animer le Tiers-lieu La Papote.Un r\u00eave commun :Faire se rencontrer les gens qui ne se croisent pas d\u2019habitude.Un Espace de Vie Sociale :L\u2019association est agr\u00e9\u00e9e par la CAF87. C&rsquo;est qui ? Des b\u00e9n\u00e9voles :&#8211; des Co-pr\u00e9sident\u00b7es, [&hellip;]<\/p>\n","protected":false},"author":1,"featured_media":0,"parent":0,"menu_order":0,"comment_status":"closed","ping_status":"closed","template":"","meta":{"_acf_changed":false,"footnotes":""},"class_list":["post-24123","page","type-page","status-publish","hentry","entry"],"acf":[],"_links":{"self":[{"href":"https:\/\/lapapote.com\/index.php?rest_route=\/wp\/v2\/pages\/24123","targetHints":{"allow":["GET"]}}],"collection":[{"href":"https:\/\/lapapote.com\/index.php?rest_route=\/wp\/v2\/pages"}],"about":[{"href":"https:\/\/lapapote.com\/index.php?rest_route=\/wp\/v2\/types\/page"}],"author":[{"embeddable":true,"href":"https:\/\/lapapote.com\/index.php?rest_route=\/wp\/v2\/users\/1"}],"replies":[{"embeddable":true,"href":"https:\/\/lapapote.com\/index.php?rest_route=%2Fwp%2Fv2%2Fcomments&post=24123"}],"version-history":[{"count":196,"href":"https:\/\/lapapote.com\/index.php?rest_route=\/wp\/v2\/pages\/24123\/revisions"}],"predecessor-version":[{"id":26123,"href":"https:\/\/lapapote.com\/index.php?rest_route=\/wp\/v2\/pages\/24123\/revisions\/26123"}],"wp:attachment":[{"href":"https:\/\/lapapote.com\/index.php?rest_route=%2Fwp%2Fv2%2Fmedia&parent=24123"}],"curies":[{"name":"wp","href":"https:\/\/api.w.org\/{rel}","templated":true}]}}